{"id":541,"date":"2025-07-10T00:03:01","date_gmt":"2025-07-09T21:03:01","guid":{"rendered":"http:\/\/boyledahaguzelsin.com\/kunye\/"},"modified":"2025-07-17T23:05:39","modified_gmt":"2025-07-17T20:05:39","slug":"impressum","status":"publish","type":"page","link":"https:\/\/boyledahaguzelsin.com\/en\/impressum\/","title":{"rendered":"Impressum"},"content":{"rendered":"<div class=\"fusion-fullwidth fullwidth-box fusion-builder-row-1 fusion-flex-container has-pattern-background has-mask-background nonhundred-percent-fullwidth non-hundred-percent-height-scrolling\" style=\"--awb-border-radius-top-left:0px;--awb-border-radius-top-right:0px;--awb-border-radius-bottom-right:0px;--awb-border-radius-bottom-left:0px;--awb-background-color:var(--awb-color1);--awb-flex-wrap:wrap;\" ><div class=\"fusion-builder-row fusion-row fusion-flex-align-items-flex-start fusion-flex-content-wrap\" style=\"max-width:1248px;margin-left: calc(-4% \/ 2 );margin-right: calc(-4% \/ 2 );\"><div class=\"fusion-layout-column fusion_builder_column fusion-builder-column-0 fusion_builder_column_1_1 1_1 fusion-flex-column\" style=\"--awb-bg-size:cover;--awb-width-large:100%;--awb-margin-top-large:0px;--awb-spacing-right-large:1.92%;--awb-margin-bottom-large:20px;--awb-spacing-left-large:1.92%;--awb-width-medium:100%;--awb-order-medium:0;--awb-spacing-right-medium:1.92%;--awb-spacing-left-medium:1.92%;--awb-width-small:100%;--awb-order-small:0;--awb-spacing-right-small:1.92%;--awb-spacing-left-small:1.92%;\"><div class=\"fusion-column-wrapper fusion-column-has-shadow fusion-flex-justify-content-flex-start fusion-content-layout-column\"><div class=\"fusion-builder-row fusion-builder-row-inner fusion-row fusion-flex-align-items-flex-start fusion-flex-content-wrap\" style=\"--awb-flex-grow:0;--awb-flex-grow-medium:0;--awb-flex-grow-small:0;--awb-flex-shrink:0;--awb-flex-shrink-medium:0;--awb-flex-shrink-small:0;width:104% !important;max-width:104% !important;margin-left: calc(-4% \/ 2 );margin-right: calc(-4% \/ 2 );\"><div class=\"fusion-layout-column fusion_builder_column_inner fusion-builder-nested-column-0 fusion_builder_column_inner_1_2 1_2 fusion-flex-column\" style=\"--awb-bg-size:cover;--awb-width-large:50%;--awb-margin-top-large:0px;--awb-spacing-right-large:3.84%;--awb-margin-bottom-large:20px;--awb-spacing-left-large:3.84%;--awb-width-medium:50%;--awb-order-medium:0;--awb-spacing-right-medium:3.84%;--awb-spacing-left-medium:3.84%;--awb-width-small:100%;--awb-order-small:0;--awb-spacing-right-small:1.92%;--awb-spacing-left-small:1.92%;\"><div class=\"fusion-column-wrapper fusion-column-has-shadow fusion-flex-justify-content-flex-start fusion-content-layout-column\"><div class=\"fusion-text fusion-text-1\" style=\"--awb-font-size:var(--awb-typography2-font-size);--awb-line-height:var(--awb-typography2-line-height);--awb-letter-spacing:var(--awb-typography2-letter-spacing);--awb-text-transform:uppercase;--awb-margin-top:30px;--awb-margin-left:30px;--awb-text-font-family:var(--awb-typography2-font-family);--awb-text-font-weight:var(--awb-typography2-font-weight);--awb-text-font-style:var(--awb-typography2-font-style);\"><p>Impressum<\/p>\n<\/div><div class=\"fusion-text fusion-text-2\" style=\"--awb-line-height:2.3;--awb-margin-left:30px;\"><ul class=\"col-md-12 col-lg-12 margin-top-20 padding-left-40\">\n<li class=\"yazix\"><a href=\"http:\/\/boyledahaguzelsin.com\/en\/curator\/\">From the Curator<\/a><\/li>\n<li class=\"yazix\"><a href=\"http:\/\/boyledahaguzelsin.com\/en\/kadem\/\">Sponsors<\/a><\/li>\n<li class=\"yazix\"><a href=\"http:\/\/boyledahaguzelsin.com\/en\/arts\/black-box\/\">B\u00fcnyamin Atan &#8211; Black Box<\/a><\/li>\n<li class=\"yazix\"><a href=\"http:\/\/boyledahaguzelsin.com\/en\/arts\/rene-pavillion-scar\/\">Melek Zeynep Bulut &#8211; Ren\u00e9 Pavillion \/ Scar<\/a><\/li>\n<li class=\"yazix\"><a href=\"http:\/\/boyledahaguzelsin.com\/en\/arts\/dream-chatcher-is-feeling-blue\/\">Hilal B\u00fc\u015fra Cebeci &#8211; Dream Catcher Is Feeling Blue<\/a><\/li>\n<li class=\"yazix\"><a href=\"http:\/\/boyledahaguzelsin.com\/en\/arts\/come-look-from-this-side\/\">Hilal B\u00fc\u015fra Cebeci &#8211; Come Look From This Side<\/a><\/li>\n<li class=\"yazix\"><a href=\"http:\/\/boyledahaguzelsin.com\/en\/arts\/the-thing-between-us\/\">Elif Eda &#8211; The Thing Between Us<\/a><\/li>\n<li class=\"yazix\"><a href=\"http:\/\/boyledahaguzelsin.com\/en\/arts\/walled-up-doorway\/\">Asl\u0131han Erg\u00fcn \/ Fatih Erg\u00fcn &#8211; Walled Up Doorway<\/a><\/li>\n<li class=\"yazix\"><a href=\"http:\/\/boyledahaguzelsin.com\/en\/arts\/invisibility-box\/\">Asl\u0131han Erg\u00fcn \/ Fatih Erg\u00fcn &#8211; Invisibility Box<\/a><\/li>\n<li class=\"yazix\"><a href=\"http:\/\/boyledahaguzelsin.com\/en\/arts\/marilyn\/\">Mehtap \u00d6zer \u0130sovic &#8211; Marilyn<\/a><\/li>\n<li class=\"yazix\"><a href=\"http:\/\/boyledahaguzelsin.com\/en\/arts\/article-42\/\">B\u00fc\u015fra Kay\u0131k\u00e7\u0131 &#8211; Article 42<\/a><\/li>\n<li class=\"yazix\"><a href=\"http:\/\/boyledahaguzelsin.com\/en\/arts\/parallel-acts\/\">Muzaffer Malko\u00e7 &#8211; Parallel Acts<\/a><\/li>\n<li class=\"yazix\"><a href=\"http:\/\/boyledahaguzelsin.com\/en\/arts\/acute-angle\/\">Muzaffer Malko\u00e7 &#8211; Acute Angle<\/a><\/li>\n<li class=\"yazix\"><a href=\"http:\/\/boyledahaguzelsin.com\/en\/arts\/argos\/\">Muzaffer Malko\u00e7 &#8211; Argos<\/a><\/li>\n<li class=\"yazix\"><a href=\"http:\/\/boyledahaguzelsin.com\/en\/arts\/shadow-play\/\">\u00c7a\u011fla Kaplan \/ Nur \u00d6zdamar &#8211; Shadow Play<\/a><\/li>\n<li class=\"yazix\"><a href=\"http:\/\/boyledahaguzelsin.com\/en\/arts\/dress-code\/\">Merve G\u00fc\u00e7l\u00fc \/ Afra \u00d6zt\u00fcrk &#8211; Dress Code<\/a><\/li>\n<li class=\"yazix\"><a href=\"http:\/\/boyledahaguzelsin.com\/en\/arts\/diploma\/\">Merve G\u00fc\u00e7l\u00fc \/ Afra \u00d6zt\u00fcrk &#8211; Diploma<\/a><\/li>\n<li class=\"yazix\"><a href=\"http:\/\/boyledahaguzelsin.com\/en\/arts\/dead-pixel\/\">G\u00fczin Furat Tever &#8211; Dead Pixel<\/a><\/li>\n<li class=\"yazix\"><a href=\"http:\/\/boyledahaguzelsin.com\/en\/arts\/surgical-ornament\/\">Esra \u00d6zya\u015far Tosun &#8211; Surgical Ornoment<\/a><\/li>\n<li class=\"yazix\"><a href=\"http:\/\/boyledahaguzelsin.com\/en\/arts\/silk-worm-and-dragonfly\/\">S\u00fcmeyye \u00d6zt\u00fcrk Ulu- Silk Worm and Dragonfly<\/a><\/li>\n<\/ul>\n<\/div><\/div><\/div><div class=\"fusion-layout-column fusion_builder_column_inner fusion-builder-nested-column-1 fusion_builder_column_inner_1_2 1_2 fusion-flex-column\" style=\"--awb-padding-right:30px;--awb-padding-bottom:30px;--awb-bg-size:cover;--awb-width-large:50%;--awb-margin-top-large:0px;--awb-spacing-right-large:3.84%;--awb-margin-bottom-large:20px;--awb-spacing-left-large:3.84%;--awb-width-medium:50%;--awb-order-medium:0;--awb-spacing-right-medium:3.84%;--awb-spacing-left-medium:3.84%;--awb-width-small:100%;--awb-order-small:0;--awb-spacing-right-small:1.92%;--awb-spacing-left-small:1.92%;\" data-scroll-devices=\"small-visibility,medium-visibility,large-visibility\"><div class=\"fusion-column-wrapper fusion-column-has-shadow fusion-flex-justify-content-flex-start fusion-content-layout-column\"><div class=\"fusion-image-element \" style=\"text-align:right;--awb-margin-top:30px;--awb-margin-right:30px;--awb-caption-title-font-family:var(--h2_typography-font-family);--awb-caption-title-font-weight:var(--h2_typography-font-weight);--awb-caption-title-font-style:var(--h2_typography-font-style);--awb-caption-title-size:var(--h2_typography-font-size);--awb-caption-title-transform:var(--h2_typography-text-transform);--awb-caption-title-line-height:var(--h2_typography-line-height);--awb-caption-title-letter-spacing:var(--h2_typography-letter-spacing);\"><span class=\" fusion-imageframe imageframe-none imageframe-1 hover-type-none\"><img decoding=\"async\" width=\"608\" height=\"1024\" title=\"kunye\" src=\"https:\/\/boyledahaguzelsin.com\/wp-content\/uploads\/2025\/07\/kunye.webp\" data-orig-src=\"http:\/\/boyledahaguzelsin.com\/wp-content\/uploads\/2025\/07\/kunye-608x1024.webp\" alt class=\"lazyload img-responsive wp-image-147\" srcset=\"data:image\/svg+xml,%3Csvg%20xmlns%3D%27http%3A%2F%2Fwww.w3.org%2F2000%2Fsvg%27%20width%3D%27708%27%20height%3D%271192%27%20viewBox%3D%270%200%20708%201192%27%3E%3Crect%20width%3D%27708%27%20height%3D%271192%27%20fill-opacity%3D%220%22%2F%3E%3C%2Fsvg%3E\" data-srcset=\"https:\/\/boyledahaguzelsin.com\/wp-content\/uploads\/2025\/07\/kunye-200x337.webp 200w, https:\/\/boyledahaguzelsin.com\/wp-content\/uploads\/2025\/07\/kunye-400x673.webp 400w, https:\/\/boyledahaguzelsin.com\/wp-content\/uploads\/2025\/07\/kunye-600x1010.webp 600w, https:\/\/boyledahaguzelsin.com\/wp-content\/uploads\/2025\/07\/kunye.webp 708w\" data-sizes=\"auto\" data-orig-sizes=\"(max-width: 640px) 100vw, 600px\" \/><\/span><\/div><\/div><\/div><\/div><\/div><\/div><\/div><\/div>\n","protected":false},"excerpt":{"rendered":"","protected":false},"author":1,"featured_media":0,"parent":0,"menu_order":0,"comment_status":"closed","ping_status":"closed","template":"","meta":{"_acf_changed":false,"inline_featured_image":false,"footnotes":""},"class_list":["post-541","page","type-page","status-publish","hentry"],"acf":[],"yoast_head":"<!-- This site is optimized with the Yoast SEO plugin v27.4 - https:\/\/yoast.com\/product\/yoast-seo-wordpress\/ -->\n<title>Impressum - B\u00f6yle Daha G\u00fczelsin<\/title>\n<meta name=\"robots\" content=\"index, follow, max-snippet:-1, max-image-preview:large, max-video-preview:-1\" \/>\n<link rel=\"canonical\" href=\"https:\/\/boyledahaguzelsin.com\/en\/impressum\/\" \/>\n<meta property=\"og:locale\" content=\"en_US\" \/>\n<meta property=\"og:type\" content=\"article\" \/>\n<meta property=\"og:title\" content=\"Impressum - B\u00f6yle Daha G\u00fczelsin\" \/>\n<meta property=\"og:url\" content=\"https:\/\/boyledahaguzelsin.com\/en\/impressum\/\" \/>\n<meta property=\"og:site_name\" content=\"B\u00f6yle Daha G\u00fczelsin\" \/>\n<meta property=\"article:modified_time\" content=\"2025-07-17T20:05:39+00:00\" \/>\n<meta name=\"twitter:card\" content=\"summary_large_image\" \/>\n<meta name=\"twitter:label1\" content=\"Est. reading time\" \/>\n\t<meta name=\"twitter:data1\" content=\"1 minute\" \/>\n<script type=\"application\/ld+json\" class=\"yoast-schema-graph\">{\"@context\":\"https:\\\/\\\/schema.org\",\"@graph\":[{\"@type\":\"WebPage\",\"@id\":\"https:\\\/\\\/boyledahaguzelsin.com\\\/en\\\/impressum\\\/\",\"url\":\"https:\\\/\\\/boyledahaguzelsin.com\\\/en\\\/impressum\\\/\",\"name\":\"Impressum - B\u00f6yle Daha G\u00fczelsin\",\"isPartOf\":{\"@id\":\"https:\\\/\\\/boyledahaguzelsin.com\\\/en\\\/#website\"},\"datePublished\":\"2025-07-09T21:03:01+00:00\",\"dateModified\":\"2025-07-17T20:05:39+00:00\",\"breadcrumb\":{\"@id\":\"https:\\\/\\\/boyledahaguzelsin.com\\\/en\\\/impressum\\\/#breadcrumb\"},\"inLanguage\":\"en-US\",\"potentialAction\":[{\"@type\":\"ReadAction\",\"target\":[\"https:\\\/\\\/boyledahaguzelsin.com\\\/en\\\/impressum\\\/\"]}]},{\"@type\":\"BreadcrumbList\",\"@id\":\"https:\\\/\\\/boyledahaguzelsin.com\\\/en\\\/impressum\\\/#breadcrumb\",\"itemListElement\":[{\"@type\":\"ListItem\",\"position\":1,\"name\":\"Home\",\"item\":\"https:\\\/\\\/boyledahaguzelsin.com\\\/en\\\/\"},{\"@type\":\"ListItem\",\"position\":2,\"name\":\"Impressum\"}]},{\"@type\":\"WebSite\",\"@id\":\"https:\\\/\\\/boyledahaguzelsin.com\\\/en\\\/#website\",\"url\":\"https:\\\/\\\/boyledahaguzelsin.com\\\/en\\\/\",\"name\":\"B\u00f6yle Daha G\u00fczelsin\",\"description\":\"\",\"potentialAction\":[{\"@type\":\"SearchAction\",\"target\":{\"@type\":\"EntryPoint\",\"urlTemplate\":\"https:\\\/\\\/boyledahaguzelsin.com\\\/en\\\/?s={search_term_string}\"},\"query-input\":{\"@type\":\"PropertyValueSpecification\",\"valueRequired\":true,\"valueName\":\"search_term_string\"}}],\"inLanguage\":\"en-US\"}]}<\/script>\n<!-- \/ Yoast SEO plugin. -->","yoast_head_json":{"title":"Impressum - B\u00f6yle Daha G\u00fczelsin","robots":{"index":"index","follow":"follow","max-snippet":"max-snippet:-1","max-image-preview":"max-image-preview:large","max-video-preview":"max-video-preview:-1"},"canonical":"https:\/\/boyledahaguzelsin.com\/en\/impressum\/","og_locale":"en_US","og_type":"article","og_title":"Impressum - B\u00f6yle Daha G\u00fczelsin","og_url":"https:\/\/boyledahaguzelsin.com\/en\/impressum\/","og_site_name":"B\u00f6yle Daha G\u00fczelsin","article_modified_time":"2025-07-17T20:05:39+00:00","twitter_card":"summary_large_image","twitter_misc":{"Est. reading time":"1 minute"},"schema":{"@context":"https:\/\/schema.org","@graph":[{"@type":"WebPage","@id":"https:\/\/boyledahaguzelsin.com\/en\/impressum\/","url":"https:\/\/boyledahaguzelsin.com\/en\/impressum\/","name":"Impressum - B\u00f6yle Daha G\u00fczelsin","isPartOf":{"@id":"https:\/\/boyledahaguzelsin.com\/en\/#website"},"datePublished":"2025-07-09T21:03:01+00:00","dateModified":"2025-07-17T20:05:39+00:00","breadcrumb":{"@id":"https:\/\/boyledahaguzelsin.com\/en\/impressum\/#breadcrumb"},"inLanguage":"en-US","potentialAction":[{"@type":"ReadAction","target":["https:\/\/boyledahaguzelsin.com\/en\/impressum\/"]}]},{"@type":"BreadcrumbList","@id":"https:\/\/boyledahaguzelsin.com\/en\/impressum\/#breadcrumb","itemListElement":[{"@type":"ListItem","position":1,"name":"Home","item":"https:\/\/boyledahaguzelsin.com\/en\/"},{"@type":"ListItem","position":2,"name":"Impressum"}]},{"@type":"WebSite","@id":"https:\/\/boyledahaguzelsin.com\/en\/#website","url":"https:\/\/boyledahaguzelsin.com\/en\/","name":"B\u00f6yle Daha G\u00fczelsin","description":"","potentialAction":[{"@type":"SearchAction","target":{"@type":"EntryPoint","urlTemplate":"https:\/\/boyledahaguzelsin.com\/en\/?s={search_term_string}"},"query-input":{"@type":"PropertyValueSpecification","valueRequired":true,"valueName":"search_term_string"}}],"inLanguage":"en-US"}]}},"_links":{"self":[{"href":"https:\/\/boyledahaguzelsin.com\/en\/wp-json\/wp\/v2\/pages\/541","targetHints":{"allow":["GET"]}}],"collection":[{"href":"https:\/\/boyledahaguzelsin.com\/en\/wp-json\/wp\/v2\/pages"}],"about":[{"href":"https:\/\/boyledahaguzelsin.com\/en\/wp-json\/wp\/v2\/types\/page"}],"author":[{"embeddable":true,"href":"https:\/\/boyledahaguzelsin.com\/en\/wp-json\/wp\/v2\/users\/1"}],"replies":[{"embeddable":true,"href":"https:\/\/boyledahaguzelsin.com\/en\/wp-json\/wp\/v2\/comments?post=541"}],"version-history":[{"count":3,"href":"https:\/\/boyledahaguzelsin.com\/en\/wp-json\/wp\/v2\/pages\/541\/revisions"}],"predecessor-version":[{"id":544,"href":"https:\/\/boyledahaguzelsin.com\/en\/wp-json\/wp\/v2\/pages\/541\/revisions\/544"}],"wp:attachment":[{"href":"https:\/\/boyledahaguzelsin.com\/en\/wp-json\/wp\/v2\/media?parent=541"}],"curies":[{"name":"wp","href":"https:\/\/api.w.org\/{rel}","templated":true}]}}